{"id":2,"date":"2016-05-10T03:48:21","date_gmt":"2016-05-10T02:48:21","guid":{"rendered":"http:\/\/footpaca.fr\/?page_id=2"},"modified":"2020-11-18T19:49:40","modified_gmt":"2020-11-18T18:49:40","slug":"page-accueil","status":"publish","type":"page","link":"https:\/\/footpaca.fr\/?page_id=2","title":{"rendered":"FootPaca"},"content":{"rendered":"\n<p class=\"has-text-align-center has-white-color has-vivid-cyan-blue-background-color has-text-color has-background has-huge-font-size\"><strong>&#8220;Une passion partag\u00e9e&#8221;<\/strong><\/p>\n\n\n\n<p><\/p>\n\n\n\n<p class=\"has-medium-font-size\"><strong><span class=\"has-inline-color has-vivid-cyan-blue-color\">FootPaca<\/span> <\/strong>est un portail internet mis \u00e0 disposition aux acteurs du football pour d\u00e9poser ou rechercher des annonces.<\/p>\n\n\n\n<p>Vous recherchez ou vous souhaitez proposer un tournoi, un match amical ou un stage de perfectionnement ? <strong>FootPaca peut vous y aidez!<\/strong><\/p>\n\n\n\n<p>Vous \u00eates un joueur ou un \u00e9ducateur et vous recherchez un club de football pour int\u00e9grer une \u00e9quipe ou un groupe \u00e9ducatif ? <strong>FootPaca <strong>peut vous aidez<\/strong>!<\/strong><\/p>\n\n\n\n<p>Vous recherchez ou vous proposez des cours particuliers ou en collectif ( groupe restreint) ? <strong>FootPaca peut vous aidez<\/strong><\/p>\n\n\n\n<p>Vous \u00eates un club de football et vous recherchez des joueurs ou des \u00e9ducateurs ?<strong> FootPaca peut vous y aidez!<\/strong><\/p>\n\n\n\n<p class=\"has-text-align-center\"><strong>Tout est enti\u00e8rement gratuit.<\/strong><\/p>\n","protected":false},"excerpt":{"rendered":"<p>&#8220;Une passion partag\u00e9e&#8221; FootPaca est un portail internet mis \u00e0 disposition aux acteurs du football pour d\u00e9poser ou rechercher des annonces. Vous recherchez ou vous souhaitez proposer un tournoi, un match amical ou un stage de perfectionnement ? FootPaca peut vous y aidez! Vous \u00eates un joueur ou un \u00e9ducateur et vous recherchez un club &#8230; <a title=\"FootPaca\" class=\"read-more\" href=\"https:\/\/footpaca.fr\/?page_id=2\" aria-label=\"Read more about FootPaca\">Lire la suite<\/a><\/p>\n","protected":false},"author":1,"featured_media":0,"parent":0,"menu_order":0,"comment_status":"closed","ping_status":"closed","template":"","meta":{"footnotes":""},"_links":{"self":[{"href":"https:\/\/footpaca.fr\/index.php?rest_route=\/wp\/v2\/pages\/2"}],"collection":[{"href":"https:\/\/footpaca.fr\/index.php?rest_route=\/wp\/v2\/pages"}],"about":[{"href":"https:\/\/footpaca.fr\/index.php?rest_route=\/wp\/v2\/types\/page"}],"author":[{"embeddable":true,"href":"https:\/\/footpaca.fr\/index.php?rest_route=\/wp\/v2\/users\/1"}],"replies":[{"embeddable":true,"href":"https:\/\/footpaca.fr\/index.php?rest_route=%2Fwp%2Fv2%2Fcomments&post=2"}],"version-history":[{"count":11,"href":"https:\/\/footpaca.fr\/index.php?rest_route=\/wp\/v2\/pages\/2\/revisions"}],"predecessor-version":[{"id":107,"href":"https:\/\/footpaca.fr\/index.php?rest_route=\/wp\/v2\/pages\/2\/revisions\/107"}],"wp:attachment":[{"href":"https:\/\/footpaca.fr\/index.php?rest_route=%2Fwp%2Fv2%2Fmedia&parent=2"}],"curies":[{"name":"wp","href":"https:\/\/api.w.org\/{rel}","templated":true}]}}