{"id":19,"date":"2020-11-15T14:10:54","date_gmt":"2020-11-15T13:10:54","guid":{"rendered":"https:\/\/footpaca.fr\/?page_id=19"},"modified":"2020-11-15T14:10:54","modified_gmt":"2020-11-15T13:10:54","slug":"parcourir-toutes-les-annonces-2","status":"publish","type":"page","link":"https:\/\/footpaca.fr\/?page_id=19","title":{"rendered":"Parcourir toutes les annonces"},"content":{"rendered":"<div class=\"awpcp-browse-ads awpcp-page\" id=\"classiwrapper\">\n    \n        <div class=\"uiwelcome\">Vous recherchez ou vous souhaitez proposer un tournoi, un match amical, un stage de perfectionnement, un club pour y jouer ou y entrainer, des cours particuliers ou collectifs, des d\u00e9tections,...etc.. ? Parcourez les petites annonces ou Passez une petite annonce.\r\nC'est totalement gratuit, libre et s\u00e9curis\u00e9!<\/div>\n    \n        <div class=\"awpcp-classifieds-search-bar\" data-breakpoints='{\"tiny\": [0,450]}' data-breakpoints-class-prefix=\"awpcp-classifieds-search-bar\">\n    <form action=\"https:\/\/footpaca.fr\/?page_id=21\" method=\"get\">\n                    <input type=\"hidden\" name=\"page_id\" value=\"21\" \/>\n                <input type=\"hidden\" name=\"awpcp-step\" value=\"dosearch\" \/>\n        <div class=\"awpcp-classifieds-search-bar--query-field\">\n            <label class=\"screen-reader-text\" for=\"awpcp-search-query-field\">Rechercher:<\/label>\n            <input id=\"awpcp-search-query-field\" type=\"text\" name=\"keywordphrase\" \/>\n        <\/div>\n        <div class=\"awpcp-classifieds-search-bar--submit-button\">\n            <input class=\"button\" type=\"submit\" value=\"Recherche\" \/>\n        <\/div>\n        <div class=\"awpcp-classifieds-search-bar--advanced-search-link\"><a href=\"https:\/\/footpaca.fr\/?page_id=21\">Recherche avanc\u00e9e <\/a><\/div>\n    <\/form>\n<\/div>\n<ul class=\"awpcp-classifieds-menu awpcp-clearfix\" data-breakpoints='{\"tiny\": [0,400], \"small\": [400,500]}' data-breakpoints-class-prefix=\"awpcp-classifieds-menu\">\n    <li class=\"awpcp-classifieds-menu--menu-item awpcp-classifieds-menu--post-listing-menu-item\">\n        <a class=\"awpcp-classifieds-menu--menu-item-link button\" href=\"https:\/\/footpaca.fr\/?page_id=15\">Ajouter une annonce<\/a>\n    <\/li>\n    <li class=\"awpcp-classifieds-menu--menu-item awpcp-classifieds-menu--edit-listing-menu-item\">\n        <a class=\"awpcp-classifieds-menu--menu-item-link button\" href=\"https:\/\/footpaca.fr\/?page_id=13\">Modifier l\u2019annonce<\/a>\n    <\/li>\n    <li class=\"awpcp-classifieds-menu--menu-item awpcp-classifieds-menu--browse-listings-menu-item\">\n        <a class=\"awpcp-classifieds-menu--menu-item-link button\" href=\"https:\/\/footpaca.fr\/?page_id=19\">Parcourir toutes les annonces<\/a>\n    <\/li>\n    <li class=\"awpcp-classifieds-menu--menu-item awpcp-classifieds-menu--search-listings-menu-item\">\n        <a class=\"awpcp-classifieds-menu--menu-item-link button\" href=\"https:\/\/footpaca.fr\/?page_id=21\">Rechercher des annonces<\/a>\n    <\/li>\n<\/ul>\n    \n    <form class=\"awpcp-category-switcher\" method=\"post\" action=\"https:\/\/footpaca.fr\/?page_id=19\">\n        <input type=\"hidden\" name=\"offset\" value=\"0\" \/>\n    \n    <div class=\"awpcp-category-dropdown-container\">\n        <label class=\"awpcp-category-dropdown-label\" for=\"awpcp-category-dropdown-6a031bfce912d\">Cat\u00e9gorie\u00a0:<\/label>\n\n\n<select id=\"awpcp-category-dropdown-6a031bfce912d\" class=\"awpcp-category-dropdown awpcp-dropdown \" name=\"awpcp_category_id\" data-hash=\"6a031bfce912d\" placeholder=\"Toutes les rubriques\" data-auto=\"auto\" style=\"width: 100%\">\n        <option class=\"awpcp-dropdown-placeholder\">Toutes les rubriques<\/option>\n        <option class=\"dropdownparentcategory\" value=\"3\">Toutes les rubriques<\/option><option class=\"\" value=\"9\">&nbsp;&nbsp;&nbsp;Tout les tournois<\/option><option class=\"\" value=\"5\">&nbsp;&nbsp;&nbsp;&nbsp;&nbsp;&nbsp;Tournois U6\/U7<\/option><option class=\"\" value=\"6\">&nbsp;&nbsp;&nbsp;&nbsp;&nbsp;&nbsp;Tournois U8\/U9<\/option><option class=\"\" value=\"7\">&nbsp;&nbsp;&nbsp;&nbsp;&nbsp;&nbsp;Tournois U10\/U11<\/option><option class=\"\" value=\"8\">&nbsp;&nbsp;&nbsp;&nbsp;&nbsp;&nbsp;Tournois U12\/U13<\/option><option class=\"\" value=\"36\">&nbsp;&nbsp;&nbsp;&nbsp;&nbsp;&nbsp;Tournois de U6 \u00e0 U13<\/option><option class=\"\" value=\"29\">&nbsp;&nbsp;&nbsp;&nbsp;&nbsp;&nbsp;Tournois Internationaux<\/option><option class=\"\" value=\"34\">&nbsp;&nbsp;&nbsp;&nbsp;&nbsp;&nbsp;Tournois Futsal<\/option><option class=\"\" value=\"10\">&nbsp;&nbsp;&nbsp;Tout les stages<\/option><option class=\"\" value=\"21\">&nbsp;&nbsp;&nbsp;&nbsp;&nbsp;&nbsp;Stage en France<\/option><option class=\"\" value=\"22\">&nbsp;&nbsp;&nbsp;&nbsp;&nbsp;&nbsp;Stage \u00e0 l&#039;\u00e9tranger<\/option><option class=\"\" value=\"11\">&nbsp;&nbsp;&nbsp;Matchs Amicaux<\/option><option class=\"\" value=\"12\">&nbsp;&nbsp;&nbsp;&nbsp;&nbsp;&nbsp;Match amical foot \u00e0 5<\/option><option class=\"\" value=\"13\">&nbsp;&nbsp;&nbsp;&nbsp;&nbsp;&nbsp;Match amical foot \u00e0 8<\/option><option class=\"\" value=\"14\">&nbsp;&nbsp;&nbsp;&nbsp;&nbsp;&nbsp;Match amical foot \u00e0 11<\/option><option class=\"\" value=\"15\">&nbsp;&nbsp;&nbsp;Tout les \u00e9ducateurs\/\u00e9ducatrices<\/option><option class=\"\" value=\"16\">&nbsp;&nbsp;&nbsp;&nbsp;&nbsp;&nbsp;Educateur foot animation<\/option><option class=\"\" value=\"17\">&nbsp;&nbsp;&nbsp;&nbsp;&nbsp;&nbsp;Educateur foot comp\u00e9tition<\/option><option class=\"\" value=\"18\">&nbsp;&nbsp;&nbsp;Tout les joueurs\/Joueuses<\/option><option class=\"\" value=\"19\">&nbsp;&nbsp;&nbsp;&nbsp;&nbsp;&nbsp;Joueur\/Joueuse foot animation<\/option><option class=\"\" value=\"20\">&nbsp;&nbsp;&nbsp;&nbsp;&nbsp;&nbsp;Joueur\/Joueuse foot comp\u00e9tition<\/option><option class=\"\" value=\"23\">&nbsp;&nbsp;&nbsp;Les Formations<\/option><option class=\"\" value=\"24\">&nbsp;&nbsp;&nbsp;&nbsp;&nbsp;&nbsp;Les cours particuliers<\/option><option class=\"\" value=\"25\">&nbsp;&nbsp;&nbsp;&nbsp;&nbsp;&nbsp;Les cours collectifs<\/option><option class=\"\" value=\"26\">&nbsp;&nbsp;&nbsp;Les sp\u00e9cifiques<\/option><option class=\"\" value=\"27\">&nbsp;&nbsp;&nbsp;&nbsp;&nbsp;&nbsp;Gardiens de but<\/option><option class=\"\" value=\"28\">&nbsp;&nbsp;&nbsp;&nbsp;&nbsp;&nbsp;Attaquants<\/option><option class=\"\" value=\"35\">&nbsp;&nbsp;&nbsp;&nbsp;&nbsp;&nbsp;Pr\u00e9paration physique<\/option><option class=\"\" value=\"30\">&nbsp;&nbsp;&nbsp;Les D\u00e9tections<\/option><option class=\"\" value=\"31\">&nbsp;&nbsp;&nbsp;&nbsp;&nbsp;&nbsp;Football \u00e0 8<\/option><option class=\"\" value=\"32\">&nbsp;&nbsp;&nbsp;&nbsp;&nbsp;&nbsp;Football \u00e0 11<\/option><option class=\"\" value=\"33\">&nbsp;&nbsp;&nbsp;&nbsp;&nbsp;&nbsp;Gardiens de but<\/option><\/select>\n\n\n<script type=\"text\/javascript\">var categories_6a031bfce912d = {\"mode\":\"basic\",\"select2\":{\"containerCssClass\":\"awpcp-category-dropdown-selection\",\"dropdownCssClass\":\"awpcp-category-dropdown-options\",\"allowClear\":true,\"placeholder\":\"Toutes les rubriques\",\"maximumSelectionLength\":100},\"selectedCategoriesIds\":[],\"categoriesHierarchy\":{\"root\":[{\"term_id\":3,\"name\":\"Toutes les rubriques\",\"slug\":\"general\",\"term_group\":0,\"term_taxonomy_id\":3,\"taxonomy\":\"awpcp_listing_category\",\"description\":\"Ensemble des rubriques.\",\"parent\":0,\"count\":0,\"filter\":\"raw\"}],\"15\":[{\"term_id\":16,\"name\":\"Educateur foot animation\",\"slug\":\"educateur-foot-animation\",\"term_group\":0,\"term_taxonomy_id\":16,\"taxonomy\":\"awpcp_listing_category\",\"description\":\"Les \\u00e9ducateurs du football animation\",\"parent\":15,\"count\":0,\"filter\":\"raw\"},{\"term_id\":17,\"name\":\"Educateur foot comp\\u00e9tition\",\"slug\":\"educateur-foot-a-11\",\"term_group\":0,\"term_taxonomy_id\":17,\"taxonomy\":\"awpcp_listing_category\",\"description\":\"\\u00c9ducateur foot comp\\u00e9tition \\u00e0 11\",\"parent\":15,\"count\":0,\"filter\":\"raw\"}],\"30\":[{\"term_id\":31,\"name\":\"Football \\u00e0 8\",\"slug\":\"football-a-8\",\"term_group\":0,\"term_taxonomy_id\":31,\"taxonomy\":\"awpcp_listing_category\",\"description\":\"D\\u00e9tection pour le football \\u00e0 8\",\"parent\":30,\"count\":0,\"filter\":\"raw\"},{\"term_id\":32,\"name\":\"Football \\u00e0 11\",\"slug\":\"football-a-11\",\"term_group\":0,\"term_taxonomy_id\":32,\"taxonomy\":\"awpcp_listing_category\",\"description\":\"Les d\\u00e9tections pour le football \\u00e0 11\",\"parent\":30,\"count\":0,\"filter\":\"raw\"},{\"term_id\":33,\"name\":\"Gardiens de but\",\"slug\":\"gardiens-de-but\",\"term_group\":0,\"term_taxonomy_id\":33,\"taxonomy\":\"awpcp_listing_category\",\"description\":\"D\\u00e9tection des gardiens de buts\",\"parent\":30,\"count\":0,\"filter\":\"raw\"}],\"26\":[{\"term_id\":27,\"name\":\"Gardiens de but\",\"slug\":\"gardien-de-but\",\"term_group\":0,\"term_taxonomy_id\":27,\"taxonomy\":\"awpcp_listing_category\",\"description\":\"Sp\\u00e9cifique gardien de but\",\"parent\":26,\"count\":0,\"filter\":\"raw\"},{\"term_id\":28,\"name\":\"Attaquants\",\"slug\":\"les-attaquants\",\"term_group\":0,\"term_taxonomy_id\":28,\"taxonomy\":\"awpcp_listing_category\",\"description\":\"Sp\\u00e9cifiques attaquants\",\"parent\":26,\"count\":0,\"filter\":\"raw\"},{\"term_id\":35,\"name\":\"Pr\\u00e9paration physique\",\"slug\":\"reathletisation\",\"term_group\":0,\"term_taxonomy_id\":35,\"taxonomy\":\"awpcp_listing_category\",\"description\":\"Travail en individuel sur la r\\u00e9athl\\u00e9tisation\",\"parent\":26,\"count\":0,\"filter\":\"raw\"}],\"18\":[{\"term_id\":19,\"name\":\"Joueur\\\/Joueuse foot animation\",\"slug\":\"joueur-foot-animation\",\"term_group\":0,\"term_taxonomy_id\":19,\"taxonomy\":\"awpcp_listing_category\",\"description\":\"Les joueurs du foot animation\",\"parent\":18,\"count\":0,\"filter\":\"raw\"},{\"term_id\":20,\"name\":\"Joueur\\\/Joueuse foot comp\\u00e9tition\",\"slug\":\"joueur-foot-competition\",\"term_group\":0,\"term_taxonomy_id\":20,\"taxonomy\":\"awpcp_listing_category\",\"description\":\"Les joueurs et les joueuses foot \\u00e0 11\",\"parent\":18,\"count\":0,\"filter\":\"raw\"}],\"23\":[{\"term_id\":24,\"name\":\"Les cours particuliers\",\"slug\":\"les-cours-particuliers\",\"term_group\":0,\"term_taxonomy_id\":24,\"taxonomy\":\"awpcp_listing_category\",\"description\":\"Les cours particuliers\",\"parent\":23,\"count\":0,\"filter\":\"raw\"},{\"term_id\":25,\"name\":\"Les cours collectifs\",\"slug\":\"les-cours-collectifs\",\"term_group\":0,\"term_taxonomy_id\":25,\"taxonomy\":\"awpcp_listing_category\",\"description\":\"Les cours collectifs\",\"parent\":23,\"count\":0,\"filter\":\"raw\"}],\"11\":[{\"term_id\":12,\"name\":\"Match amical foot \\u00e0 5\",\"slug\":\"match-amical-foot-a-5\",\"term_group\":0,\"term_taxonomy_id\":12,\"taxonomy\":\"awpcp_listing_category\",\"description\":\"Matchs amicaux football \\u00e0 5\",\"parent\":11,\"count\":0,\"filter\":\"raw\"},{\"term_id\":13,\"name\":\"Match amical foot \\u00e0 8\",\"slug\":\"match-amical-foot-a-8\",\"term_group\":0,\"term_taxonomy_id\":13,\"taxonomy\":\"awpcp_listing_category\",\"description\":\"Matchs amicaux foot \\u00e0 8\",\"parent\":11,\"count\":0,\"filter\":\"raw\"},{\"term_id\":14,\"name\":\"Match amical foot \\u00e0 11\",\"slug\":\"match-amical-foot-a-11\",\"term_group\":0,\"term_taxonomy_id\":14,\"taxonomy\":\"awpcp_listing_category\",\"description\":\"Matchs amicaux foot \\u00e0 11\",\"parent\":11,\"count\":0,\"filter\":\"raw\"}],\"10\":[{\"term_id\":21,\"name\":\"Stage en France\",\"slug\":\"stage-en-france\",\"term_group\":0,\"term_taxonomy_id\":21,\"taxonomy\":\"awpcp_listing_category\",\"description\":\"Tout les stages en France\",\"parent\":10,\"count\":0,\"filter\":\"raw\"},{\"term_id\":22,\"name\":\"Stage \\u00e0 l'\\u00e9tranger\",\"slug\":\"stage-a-letranger\",\"term_group\":0,\"term_taxonomy_id\":22,\"taxonomy\":\"awpcp_listing_category\",\"description\":\"Tout les stages \\u00e0 l'\\u00e9tranger\",\"parent\":10,\"count\":0,\"filter\":\"raw\"}],\"9\":[{\"term_id\":5,\"name\":\"Tournois U6\\\/U7\",\"slug\":\"tournois-u6-u7\",\"term_group\":0,\"term_taxonomy_id\":5,\"taxonomy\":\"awpcp_listing_category\",\"description\":\"Annonces pour les tournois de la cat\\u00e9gorie U6 et U7 football \\u00e0 5.\",\"parent\":9,\"count\":0,\"filter\":\"raw\"},{\"term_id\":6,\"name\":\"Tournois U8\\\/U9\",\"slug\":\"tournois-u8-u9\",\"term_group\":0,\"term_taxonomy_id\":6,\"taxonomy\":\"awpcp_listing_category\",\"description\":\"Annonces pour les tournois de la cat\\u00e9gorie U8 et U9 football \\u00e0 5 ou \\u00e0 8.\",\"parent\":9,\"count\":0,\"filter\":\"raw\"},{\"term_id\":7,\"name\":\"Tournois U10\\\/U11\",\"slug\":\"tournois-u10-u11\",\"term_group\":0,\"term_taxonomy_id\":7,\"taxonomy\":\"awpcp_listing_category\",\"description\":\"Annonces pour les tournois de la cat\\u00e9gorie U10 et U11 football \\u00e0 8.\",\"parent\":9,\"count\":0,\"filter\":\"raw\"},{\"term_id\":8,\"name\":\"Tournois U12\\\/U13\",\"slug\":\"tournois-u12-u13\",\"term_group\":0,\"term_taxonomy_id\":8,\"taxonomy\":\"awpcp_listing_category\",\"description\":\"Annonces pour les tournois de la cat\\u00e9gorie U12 et U13 football \\u00e0 8 ou \\u00e0 11\",\"parent\":9,\"count\":0,\"filter\":\"raw\"},{\"term_id\":36,\"name\":\"Tournois de U6 \\u00e0 U13\",\"slug\":\"tournois-de-u6-a-u13\",\"term_group\":0,\"term_taxonomy_id\":36,\"taxonomy\":\"awpcp_listing_category\",\"description\":\"Tout les tournois de U6 \\u00e0 U13\",\"parent\":9,\"count\":0,\"filter\":\"raw\"},{\"term_id\":29,\"name\":\"Tournois Internationaux\",\"slug\":\"tournois-internationaux\",\"term_group\":0,\"term_taxonomy_id\":29,\"taxonomy\":\"awpcp_listing_category\",\"description\":\"Tout les tournois internationaux\",\"parent\":9,\"count\":0,\"filter\":\"raw\"},{\"term_id\":34,\"name\":\"Tournois Futsal\",\"slug\":\"tournois-futsal\",\"term_group\":0,\"term_taxonomy_id\":34,\"taxonomy\":\"awpcp_listing_category\",\"description\":\"Tout les tournois Futsal\",\"parent\":9,\"count\":0,\"filter\":\"raw\"}],\"3\":[{\"term_id\":9,\"name\":\"Tout les tournois\",\"slug\":\"les-tournois\",\"term_group\":0,\"term_taxonomy_id\":9,\"taxonomy\":\"awpcp_listing_category\",\"description\":\"Tout les tournois\",\"parent\":3,\"count\":0,\"filter\":\"raw\"},{\"term_id\":10,\"name\":\"Tout les stages\",\"slug\":\"tout-les-stages\",\"term_group\":0,\"term_taxonomy_id\":10,\"taxonomy\":\"awpcp_listing_category\",\"description\":\"Tout les stages de perfectionnement.\",\"parent\":3,\"count\":0,\"filter\":\"raw\"},{\"term_id\":11,\"name\":\"Matchs Amicaux\",\"slug\":\"matchs-amicaux\",\"term_group\":0,\"term_taxonomy_id\":11,\"taxonomy\":\"awpcp_listing_category\",\"description\":\"Les matchs amicaux\",\"parent\":3,\"count\":0,\"filter\":\"raw\"},{\"term_id\":15,\"name\":\"Tout les \\u00e9ducateurs\\\/\\u00e9ducatrices\",\"slug\":\"tout-les-educateurs\",\"term_group\":0,\"term_taxonomy_id\":15,\"taxonomy\":\"awpcp_listing_category\",\"description\":\"Tout les \\u00e9ducateurs et les \\u00e9ducatrices\",\"parent\":3,\"count\":0,\"filter\":\"raw\"},{\"term_id\":18,\"name\":\"Tout les joueurs\\\/Joueuses\",\"slug\":\"tout-les-joueurs\",\"term_group\":0,\"term_taxonomy_id\":18,\"taxonomy\":\"awpcp_listing_category\",\"description\":\"Tout les joueurs et joueuses\",\"parent\":3,\"count\":0,\"filter\":\"raw\"},{\"term_id\":23,\"name\":\"Les Formations\",\"slug\":\"les-formations\",\"term_group\":0,\"term_taxonomy_id\":23,\"taxonomy\":\"awpcp_listing_category\",\"description\":\"Les cours particuliers ou collectifs\",\"parent\":3,\"count\":0,\"filter\":\"raw\"},{\"term_id\":26,\"name\":\"Les sp\\u00e9cifiques\",\"slug\":\"les-specifiques\",\"term_group\":0,\"term_taxonomy_id\":26,\"taxonomy\":\"awpcp_listing_category\",\"description\":\"Les cours sp\\u00e9cifiques\",\"parent\":3,\"count\":0,\"filter\":\"raw\"},{\"term_id\":30,\"name\":\"Les D\\u00e9tections\",\"slug\":\"les-detections\",\"term_group\":0,\"term_taxonomy_id\":30,\"taxonomy\":\"awpcp_listing_category\",\"description\":\"Toutes les d\\u00e9testions\",\"parent\":3,\"count\":0,\"filter\":\"raw\"}]},\"paymentTerms\":[],\"subcategoryLabel\":\"S\\u00e9lectionnez une sous-rubrique\"};<\/script>\n    <\/div>\n<\/form>\n        \n    <div class=\"awpcp-listings awpcp-clearboth\">\n                    <p>Aucune Annonce n\u2019a \u00e9t\u00e9 trouv\u00e9e.<\/p>\n            <\/div>\n\n            <\/div>\n\n","protected":false},"excerpt":{"rendered":"","protected":false},"author":1,"featured_media":0,"parent":7,"menu_order":0,"comment_status":"closed","ping_status":"closed","template":"","meta":{"footnotes":""},"_links":{"self":[{"href":"https:\/\/footpaca.fr\/index.php?rest_route=\/wp\/v2\/pages\/19"}],"collection":[{"href":"https:\/\/footpaca.fr\/index.php?rest_route=\/wp\/v2\/pages"}],"about":[{"href":"https:\/\/footpaca.fr\/index.php?rest_route=\/wp\/v2\/types\/page"}],"author":[{"embeddable":true,"href":"https:\/\/footpaca.fr\/index.php?rest_route=\/wp\/v2\/users\/1"}],"replies":[{"embeddable":true,"href":"https:\/\/footpaca.fr\/index.php?rest_route=%2Fwp%2Fv2%2Fcomments&post=19"}],"version-history":[{"count":0,"href":"https:\/\/footpaca.fr\/index.php?rest_route=\/wp\/v2\/pages\/19\/revisions"}],"up":[{"embeddable":true,"href":"https:\/\/footpaca.fr\/index.php?rest_route=\/wp\/v2\/pages\/7"}],"wp:attachment":[{"href":"https:\/\/footpaca.fr\/index.php?rest_route=%2Fwp%2Fv2%2Fmedia&parent=19"}],"curies":[{"name":"wp","href":"https:\/\/api.w.org\/{rel}","templated":true}]}}